{"id":69,"date":"2016-07-21T15:37:12","date_gmt":"2016-07-21T15:37:12","guid":{"rendered":"http:\/\/demo.hashthemes.com\/total\/?page_id=69"},"modified":"2025-05-21T15:38:28","modified_gmt":"2025-05-21T13:38:28","slug":"anya-siennadia","status":"publish","type":"page","link":"https:\/\/virszallas.com\/?page_id=69","title":{"rendered":"Utaz\u00e1si inform\u00e1ci\u00f3k"},"content":{"rendered":"\n<figure class=\"wp-block-image size-full\"><a href=\"https:\/\/croatia.hr\/hu-hu\" target=\"_blank\" rel=\" noreferrer noopener\"><img loading=\"lazy\" decoding=\"async\" width=\"1000\" height=\"272\" src=\"http:\/\/dev.virszallas.com\/wp-content\/uploads\/2025\/05\/croatia-info.jpg\" alt=\"\" class=\"wp-image-940\" srcset=\"https:\/\/virszallas.com\/wp-content\/uploads\/2025\/05\/croatia-info.jpg 1000w, https:\/\/virszallas.com\/wp-content\/uploads\/2025\/05\/croatia-info-300x82.jpg 300w, https:\/\/virszallas.com\/wp-content\/uploads\/2025\/05\/croatia-info-768x209.jpg 768w\" sizes=\"auto, (max-width: 1000px) 100vw, 1000px\" \/><\/a><\/figure>\n\n\n\n<p><strong>Horv\u00e1t Idegenforgalmi K\u00f6z\u00f6ss\u00e9g oldala:<\/strong> <a href=\"https:\/\/croatia.hr\/hu-hu\" target=\"_blank\" rel=\"noreferrer noopener\">https:\/\/croatia.hr\/hu-hu<\/a><\/p>\n","protected":false},"excerpt":{"rendered":"<p>Utaz\u00e1si inform\u00e1ci\u00f3k<\/p>\n","protected":false},"author":1,"featured_media":888,"parent":0,"menu_order":0,"comment_status":"closed","ping_status":"closed","template":"","meta":{"ngg_post_thumbnail":0,"footnotes":""},"class_list":["post-69","page","type-page","status-publish","has-post-thumbnail","hentry"],"_links":{"self":[{"href":"https:\/\/virszallas.com\/index.php?rest_route=\/wp\/v2\/pages\/69","targetHints":{"allow":["GET"]}}],"collection":[{"href":"https:\/\/virszallas.com\/index.php?rest_route=\/wp\/v2\/pages"}],"about":[{"href":"https:\/\/virszallas.com\/index.php?rest_route=\/wp\/v2\/types\/page"}],"author":[{"embeddable":true,"href":"https:\/\/virszallas.com\/index.php?rest_route=\/wp\/v2\/users\/1"}],"replies":[{"embeddable":true,"href":"https:\/\/virszallas.com\/index.php?rest_route=%2Fwp%2Fv2%2Fcomments&post=69"}],"version-history":[{"count":2,"href":"https:\/\/virszallas.com\/index.php?rest_route=\/wp\/v2\/pages\/69\/revisions"}],"predecessor-version":[{"id":942,"href":"https:\/\/virszallas.com\/index.php?rest_route=\/wp\/v2\/pages\/69\/revisions\/942"}],"wp:featuredmedia":[{"embeddable":true,"href":"https:\/\/virszallas.com\/index.php?rest_route=\/wp\/v2\/media\/888"}],"wp:attachment":[{"href":"https:\/\/virszallas.com\/index.php?rest_route=%2Fwp%2Fv2%2Fmedia&parent=69"}],"curies":[{"name":"wp","href":"https:\/\/api.w.org\/{rel}","templated":true}]}}