{"id":74,"date":"2016-07-21T15:38:45","date_gmt":"2016-07-21T15:38:45","guid":{"rendered":"http:\/\/demo.hashthemes.com\/total\/?page_id=74"},"modified":"2025-05-20T16:50:56","modified_gmt":"2025-05-20T14:50:56","slug":"eliza-roma","status":"publish","type":"page","link":"https:\/\/virszallas.com\/?page_id=74","title":{"rendered":"\u00c9ttermek VIR szigeten"},"content":{"rendered":"\n<p><strong>Viranka \u00e9tterem (Vir szigeten)<\/strong><br>Ul. Borisa Krn\u010devi\u0107a 28, 23234, Vir, Horv\u00e1torsz\u00e1g<br>Telefonsz\u00e1m: +385 23 362 039<\/p>\n\n\n\n<figure class=\"wp-block-image size-full\"><a href=\"https:\/\/maps.app.goo.gl\/CfRovBCQZA1rhC5XA\" target=\"_blank\" rel=\" noreferrer noopener\"><img loading=\"lazy\" decoding=\"async\" width=\"700\" height=\"467\" src=\"http:\/\/dev.virszallas.com\/wp-content\/uploads\/2025\/05\/restaurant-viranka.jpg\" alt=\"\" class=\"wp-image-889\" srcset=\"https:\/\/virszallas.com\/wp-content\/uploads\/2025\/05\/restaurant-viranka.jpg 700w, https:\/\/virszallas.com\/wp-content\/uploads\/2025\/05\/restaurant-viranka-300x200.jpg 300w\" sizes=\"auto, (max-width: 700px) 100vw, 700px\" \/><\/a><\/figure>\n\n\n\n<p><\/p>\n\n\n\n<p><strong>Sidro gastro bistro (Vir szigeten)<\/strong><br>UI. Stra\u017ea XXIII 1, 23234, Vir, Horv\u00e1torsz\u00e1g<br>Telefonsz\u00e1m: 06 30 777 7300<\/p>\n\n\n\n<figure class=\"wp-block-image size-full\"><a href=\"https:\/\/maps.app.goo.gl\/8jofPospxxGeYeEEA\" target=\"_blank\" rel=\" noreferrer noopener\"><img loading=\"lazy\" decoding=\"async\" width=\"700\" height=\"467\" src=\"http:\/\/dev.virszallas.com\/wp-content\/uploads\/2025\/05\/restaurant-sidro-gastro.jpg\" alt=\"\" class=\"wp-image-894\" srcset=\"https:\/\/virszallas.com\/wp-content\/uploads\/2025\/05\/restaurant-sidro-gastro.jpg 700w, https:\/\/virszallas.com\/wp-content\/uploads\/2025\/05\/restaurant-sidro-gastro-300x200.jpg 300w\" sizes=\"auto, (max-width: 700px) 100vw, 700px\" \/><\/a><\/figure>\n\n\n\n<p><\/p>\n\n\n\n<p><strong>Villa Monica Resturant (Vir szigeten)<\/strong><br>Ul. \u0160etnica Jadro 26, 23234, Vir, Horv\u00e1torsz\u00e1g<br>Telefonsz\u00e1m: +385 23 363 800<\/p>\n\n\n\n<figure class=\"wp-block-image size-full\"><a href=\"https:\/\/maps.app.goo.gl\/axiHjMcDxZew5Hmq6\" target=\"_blank\" rel=\" noreferrer noopener\"><img loading=\"lazy\" decoding=\"async\" width=\"700\" height=\"467\" src=\"http:\/\/dev.virszallas.com\/wp-content\/uploads\/2025\/05\/restaurant-monica.jpg\" alt=\"\" class=\"wp-image-900\" srcset=\"https:\/\/virszallas.com\/wp-content\/uploads\/2025\/05\/restaurant-monica.jpg 700w, https:\/\/virszallas.com\/wp-content\/uploads\/2025\/05\/restaurant-monica-300x200.jpg 300w\" sizes=\"auto, (max-width: 700px) 100vw, 700px\" \/><\/a><\/figure>\n","protected":false},"excerpt":{"rendered":"<p>\u00c9ttermek VIR szigeten<\/p>\n","protected":false},"author":1,"featured_media":878,"parent":0,"menu_order":0,"comment_status":"closed","ping_status":"closed","template":"","meta":{"ngg_post_thumbnail":0,"footnotes":""},"class_list":["post-74","page","type-page","status-publish","has-post-thumbnail","hentry"],"_links":{"self":[{"href":"https:\/\/virszallas.com\/index.php?rest_route=\/wp\/v2\/pages\/74","targetHints":{"allow":["GET"]}}],"collection":[{"href":"https:\/\/virszallas.com\/index.php?rest_route=\/wp\/v2\/pages"}],"about":[{"href":"https:\/\/virszallas.com\/index.php?rest_route=\/wp\/v2\/types\/page"}],"author":[{"embeddable":true,"href":"https:\/\/virszallas.com\/index.php?rest_route=\/wp\/v2\/users\/1"}],"replies":[{"embeddable":true,"href":"https:\/\/virszallas.com\/index.php?rest_route=%2Fwp%2Fv2%2Fcomments&post=74"}],"version-history":[{"count":10,"href":"https:\/\/virszallas.com\/index.php?rest_route=\/wp\/v2\/pages\/74\/revisions"}],"predecessor-version":[{"id":903,"href":"https:\/\/virszallas.com\/index.php?rest_route=\/wp\/v2\/pages\/74\/revisions\/903"}],"wp:featuredmedia":[{"embeddable":true,"href":"https:\/\/virszallas.com\/index.php?rest_route=\/wp\/v2\/media\/878"}],"wp:attachment":[{"href":"https:\/\/virszallas.com\/index.php?rest_route=%2Fwp%2Fv2%2Fmedia&parent=74"}],"curies":[{"name":"wp","href":"https:\/\/api.w.org\/{rel}","templated":true}]}}